{"id":137,"date":"2012-09-20T08:35:14","date_gmt":"2012-09-20T08:35:14","guid":{"rendered":"http:\/\/sprachtheorie.de\/?page_id=137"},"modified":"2023-01-18T10:23:11","modified_gmt":"2023-01-18T10:23:11","slug":"impressum","status":"publish","type":"page","link":"https:\/\/sprachtheorie.de\/?page_id=137","title":{"rendered":"Impressum"},"content":{"rendered":"\n<div class=\"wp-block-columns is-layout-flex wp-container-core-columns-is-layout-9d6595d7 wp-block-columns-is-layout-flex\">\n<div class=\"wp-block-column is-layout-flow wp-block-column-is-layout-flow\" style=\"flex-basis:100%\">\n<div class=\"wp-block-columns is-layout-flex wp-container-core-columns-is-layout-9d6595d7 wp-block-columns-is-layout-flex\">\n<div class=\"wp-block-column is-layout-flow wp-block-column-is-layout-flow\" style=\"flex-basis:100%\">\n<div class=\"wp-block-columns is-layout-flex wp-container-core-columns-is-layout-9d6595d7 wp-block-columns-is-layout-flex\">\n<div class=\"wp-block-column is-layout-flow wp-block-column-is-layout-flow\" style=\"flex-basis:100%\"><\/div>\n<\/div>\n\n\n\n<p class=\"has-text-align-left\"><strong>Prof. Dr. phil. habil. Hans L\u00f6sener<\/strong><\/p>\n\n\n\n<p>P\u00e4dagogische Hochschule Heidelberg<\/p>\n\n\n\n<p>Institut f\u00fcr Deutsche Sprache und Literatur<\/p>\n\n\n\n<p>Arbeitsgebiete: Literaturwissenschaft und Literaturdidaktik, Literatur- und Sprachtheorie, Dramendidaktik<\/p>\n\n\n\n<p>E-Mail: hans.loesener@ph-heidelberg.de<\/p>\n\n\n\n<p>URL: <a href=\"http:\/\/www.loesener.de\">www.loesener.de<\/a><\/p>\n\n\n\n<p><a href=\"https:\/\/sprachtheorie.de\/wp-admin\/\">Anmeldung<\/a><\/p>\n\n\n\n<p><\/p>\n<\/div>\n<\/div>\n<\/div>\n<\/div>\n","protected":false},"excerpt":{"rendered":"<p>Prof. Dr. phil. habil. Hans L\u00f6sener P\u00e4dagogische Hochschule Heidelberg Institut f\u00fcr Deutsche Sprache und Literatur Arbeitsgebiete: Literaturwissenschaft und Literaturdidaktik, Literatur- und Sprachtheorie, Dramendidaktik E-Mail: hans.loesener@ph-heidelberg.de URL: www.loesener.de Anmeldung<\/p>\n","protected":false},"author":1,"featured_media":0,"parent":0,"menu_order":5,"comment_status":"open","ping_status":"open","template":"","meta":{"footnotes":""},"class_list":["post-137","page","type-page","status-publish","hentry"],"_links":{"self":[{"href":"https:\/\/sprachtheorie.de\/index.php?rest_route=\/wp\/v2\/pages\/137","targetHints":{"allow":["GET"]}}],"collection":[{"href":"https:\/\/sprachtheorie.de\/index.php?rest_route=\/wp\/v2\/pages"}],"about":[{"href":"https:\/\/sprachtheorie.de\/index.php?rest_route=\/wp\/v2\/types\/page"}],"author":[{"embeddable":true,"href":"https:\/\/sprachtheorie.de\/index.php?rest_route=\/wp\/v2\/users\/1"}],"replies":[{"embeddable":true,"href":"https:\/\/sprachtheorie.de\/index.php?rest_route=%2Fwp%2Fv2%2Fcomments&post=137"}],"version-history":[{"count":35,"href":"https:\/\/sprachtheorie.de\/index.php?rest_route=\/wp\/v2\/pages\/137\/revisions"}],"predecessor-version":[{"id":806,"href":"https:\/\/sprachtheorie.de\/index.php?rest_route=\/wp\/v2\/pages\/137\/revisions\/806"}],"wp:attachment":[{"href":"https:\/\/sprachtheorie.de\/index.php?rest_route=%2Fwp%2Fv2%2Fmedia&parent=137"}],"curies":[{"name":"wp","href":"https:\/\/api.w.org\/{rel}","templated":true}]}}